{"id":91,"date":"2016-05-31T21:55:52","date_gmt":"2016-05-31T19:55:52","guid":{"rendered":"http:\/\/santuarioboschetto.it\/sito\/?page_id=91"},"modified":"2016-10-12T14:54:58","modified_gmt":"2016-10-12T12:54:58","slug":"rettori","status":"publish","type":"page","link":"https:\/\/santuarioboschetto.it\/sito\/il-santuario\/rettori\/","title":{"rendered":"Rettori"},"content":{"rendered":"<p style=\"text-align: center;\"><strong>Don Francesco Marra<\/strong><\/p>\n<p style=\"text-align: justify;\">Don Francesco Marra \u00e8 nato a Siderno Superiore (RC) il 9 Luglio 1954 da Michele e Maria Torquato. Dopo aver vissuto gli anni dell&#8217;infanzia al paese nation, si \u00e8 trasferito con la famiglia a Sestri Ponente (GE). Ordinato sacerdote il 24 giugno 1979 da Papa San Giovanni Paolo II nellla Basilica di San Pietro a Roma, don Franco fu prima vicario cooperatore nella parrocchia di S.Giacomo a Pontedecimo, poi nel 1982 fu inviato come curato a Sestri Ponente nella Basilica di N.S. Assunta, dove rimase sino al 1995 quando fu nominato parroco di S.Carlo di Cese e confessore al Santuario di NS della Guardia sino al 6 Gennaio 1999. Temporaneamente, \u00e8 stato amministratore della parrocchia di S. Francesco a Sestri Ponente per la malattia del titolare, don G.B. Delfino. Qui \u00e8 rimasto sino all&#8217;agosto dell&#8217;anno 2000, quando \u00e8 stato nominato rettore del Santuario di N.S. del Boschetto. Il 15 ottobre, alla presenza di Mons. Dionigi Tettamanzi, allora Cardinale Arcivescovo di Genova, fece l&#8217;ingresso solenne nel santuario con tanti fedeli in festa.<\/p>\n<p style=\"text-align: center;\"><img loading=\"lazy\" decoding=\"async\" class=\"alignnone size-medium wp-image-107\" src=\"https:\/\/santuarioboschetto.it\/sito\/\/wp-content\/uploads\/2016\/05\/IMG_3095-512x287-300x168.jpg\" alt=\"IMG_3095-512x287\" width=\"300\" height=\"168\" srcset=\"https:\/\/santuarioboschetto.it\/sito\/wp-content\/uploads\/2016\/05\/IMG_3095-512x287-300x168.jpg 300w, https:\/\/santuarioboschetto.it\/sito\/wp-content\/uploads\/2016\/05\/IMG_3095-512x287.jpg 512w\" sizes=\"auto, (max-width: 300px) 100vw, 300px\" \/><\/p>\n<pre style=\"text-align: center;\">Il Rettore Don Franco mentre accoglie S.E. Card. Bagnasco durante una sua visita al Boschetto<\/pre>\n<p style=\"text-align: center;\">\u00a0<strong>Don Piero Benvenuto<br \/>\n<\/strong>(1922-2000)<br \/>\n<a href=\"https:\/\/santuarioboschetto.it\/sito\/\/il-santuario\/rettori\/don-piero002\/\" rel=\"attachment wp-att-291\"><img loading=\"lazy\" decoding=\"async\" class=\"alignnone wp-image-291 size-full\" src=\"https:\/\/santuarioboschetto.it\/sito\/\/wp-content\/uploads\/2016\/05\/Don-Piero002.jpg\" alt=\"Don Piero002\" width=\"670\" height=\"450\" srcset=\"https:\/\/santuarioboschetto.it\/sito\/wp-content\/uploads\/2016\/05\/Don-Piero002.jpg 670w, https:\/\/santuarioboschetto.it\/sito\/wp-content\/uploads\/2016\/05\/Don-Piero002-300x201.jpg 300w\" sizes=\"auto, (max-width: 670px) 100vw, 670px\" \/><\/a><\/p>\n<p style=\"text-align: justify;\" align=\"LEFT\">Don Piero Benvenuto nacque a Sori il 16 Dicembre 1922. Fu ordinato sacerdote nel 1952. Dopo un primo periodo da curato a Fegino, fu inviato come parroco a San Fruttuoso di Camogli sino alla designazione finale al Boschetto (marzo 1972) dove mor\u00ec il 18 Giugno 2000. Nel Santuario della Madonna del Boschetto dove fu rettore per 28 anni, ha dato il meglio di se come sacerdote: sapeva intelligenza dello Spirito Santo e del cuore. Si fermava in sacrestia a lungo, per essere a disposizione delle persone che avevano bisogno di lui e che sapevano di trovarlo sempre pronto ad ascoltare con pazienza e cuore, capace di dare saggi consigli, con semplicit\u00e0, divenendo per non pochi un direttore spirituale. Per questo ha avuto un forte e benefico influsso sulla sua popolazione: lo stimavano come prete, vero sacerdote, lo vedevano pregare, ascoltavano con attenzione la sua predicazione sempre preparata e ricca; ricordano le sue preghiere ad alta voce soprattutto durante le adorazioni al SS.mo.<br \/>\nEra sempre sacerdote, cio\u00e8 sapeva sempre dare le cose di Dio. Dimostrava saggezza spirituale, parlava con umilt\u00e0 e discrezione e la gente lo ascoltava e lo seguiva. Con molte persone cre\u00f2 un legame spirituale profondo. Sacerdote e uomo capace di amicizia serena e sicura.<br \/>\nNon disturbava, e non chiedeva mai per s\u00e9. Apprezzava ogni gesto di attenzione e di amicizia, soprattutto quando aveva problemi di salute, ma si riteneva sempre sereno.<br \/>\nHa custodito con venerazione, pazienza e affetto grandi, la sua cara e veneranda mamma. Negli ultimi tempi, a volte per lunghi periodi, non poteva celebrare a motivo della sua salute (tutti ricordano ancora il suo ultimo mese di maggio): non si lamentava, univa il suo sacrificio a quello di Cristo. Uomo e sacerdote attivo: basta ricordare la cura e il gusto con cui ha saputo riportare al suo pieno splendore il ultimo Natale. Si \u00e8 interessato e ha seguito i lavori del Chiostro, rendendolo accogliente e funzionale.<br \/>\nI suoi compagni di seminario lo ricordano per il suo sorriso, per le sue battute spiritose, la voglia di scherzare, la allegria. Ma soprattutto ricordano il suo impegno e la sua seriet\u00e0, il suo buon esempio, la sua capacit\u00e0 di saper portare la croce.<\/p>\n<p style=\"text-align: justify;\">(tratto dal Libro Santuario Nostra Signora del Boschetto di Luciano Venzano)<\/p>\n","protected":false},"excerpt":{"rendered":"<p>Don Francesco Marra Don Francesco Marra \u00e8 nato a Siderno Superiore (RC) il 9 Luglio 1954 da Michele e Maria Torquato. Dopo aver vissuto gli anni dell&#8217;infanzia al paese nation, <a class=\"more-link\" href=\"https:\/\/santuarioboschetto.it\/sito\/il-santuario\/rettori\/\">Continue Reading \u2192<\/a><\/p>\n","protected":false},"author":1,"featured_media":0,"parent":87,"menu_order":2,"comment_status":"closed","ping_status":"closed","template":"","meta":{"ngg_post_thumbnail":0,"footnotes":""},"class_list":["post-91","page","type-page","status-publish","hentry"],"_links":{"self":[{"href":"https:\/\/santuarioboschetto.it\/sito\/wp-json\/wp\/v2\/pages\/91","targetHints":{"allow":["GET"]}}],"collection":[{"href":"https:\/\/santuarioboschetto.it\/sito\/wp-json\/wp\/v2\/pages"}],"about":[{"href":"https:\/\/santuarioboschetto.it\/sito\/wp-json\/wp\/v2\/types\/page"}],"author":[{"embeddable":true,"href":"https:\/\/santuarioboschetto.it\/sito\/wp-json\/wp\/v2\/users\/1"}],"replies":[{"embeddable":true,"href":"https:\/\/santuarioboschetto.it\/sito\/wp-json\/wp\/v2\/comments?post=91"}],"version-history":[{"count":6,"href":"https:\/\/santuarioboschetto.it\/sito\/wp-json\/wp\/v2\/pages\/91\/revisions"}],"predecessor-version":[{"id":292,"href":"https:\/\/santuarioboschetto.it\/sito\/wp-json\/wp\/v2\/pages\/91\/revisions\/292"}],"up":[{"embeddable":true,"href":"https:\/\/santuarioboschetto.it\/sito\/wp-json\/wp\/v2\/pages\/87"}],"wp:attachment":[{"href":"https:\/\/santuarioboschetto.it\/sito\/wp-json\/wp\/v2\/media?parent=91"}],"curies":[{"name":"wp","href":"https:\/\/api.w.org\/{rel}","templated":true}]}}